{"id":88,"date":"2024-11-18T13:28:06","date_gmt":"2024-11-18T13:28:06","guid":{"rendered":"https:\/\/sandkasten.hak-bregenz.at\/uefa2\/index.php\/home\/"},"modified":"2024-12-09T13:21:00","modified_gmt":"2024-12-09T13:21:00","slug":"home","status":"publish","type":"page","link":"https:\/\/purelife.hak-bregenz.at\/","title":{"rendered":"Home"},"content":{"rendered":"\t\t<div data-elementor-type=\"wp-page\" data-elementor-id=\"88\" class=\"elementor elementor-88\" data-elementor-post-type=\"page\">\n\t\t\t\t<div class=\"elementor-element elementor-element-49f8bd39 e-con-full e-flex e-con e-parent\" data-id=\"49f8bd39\" data-element_type=\"container\">\n\t\t<div class=\"elementor-element elementor-element-35a4f6fb e-con-full e-flex e-con e-child\" data-id=\"35a4f6fb\" data-element_type=\"container\" data-settings=\"{&quot;background_background&quot;:&quot;classic&quot;}\">\n\t\t\t\t<\/div>\n\t\t<div class=\"elementor-element elementor-element-39f1fa01 e-con-full e-flex e-con e-child\" data-id=\"39f1fa01\" data-element_type=\"container\" data-settings=\"{&quot;background_background&quot;:&quot;classic&quot;}\">\n\t\t\t\t<div class=\"elementor-element elementor-element-4fe2629f elementor-cta--skin-classic elementor-animated-content elementor-bg-transform elementor-bg-transform-zoom-in elementor-widget elementor-widget-call-to-action\" data-id=\"4fe2629f\" data-element_type=\"widget\" data-widget_type=\"call-to-action.default\">\n\t\t\t\t<div class=\"elementor-widget-container\">\n\t\t\t\t\t<div class=\"elementor-cta\">\n\t\t\t\t\t\t\t<div class=\"elementor-cta__content\">\n\t\t\t\t\n\t\t\t\t\n\t\t\t\t\n\t\t\t\t\t\t\t\t\t<div class=\"elementor-cta__button-wrapper elementor-cta__content-item elementor-content-item \">\n\t\t\t\t\t<a class=\"elementor-cta__button elementor-button elementor-size-\" href=\"https:\/\/marketplace.penworldwide.org\/?enterprisePenCode=AT010002810\" target=\"_blank\">\n\t\t\t\t\t\tZum Shop \u27f6\t\t\t\t\t<\/a>\n\t\t\t\t\t<\/div>\n\t\t\t\t\t\t\t<\/div>\n\t\t\t\t\t\t<\/div>\n\t\t\t\t<\/div>\n\t\t\t\t<\/div>\n\t\t\t\t<\/div>\n\t\t\t\t<\/div>\n\t\t<div class=\"elementor-element elementor-element-1460ea2 e-flex e-con-boxed e-con e-parent\" data-id=\"1460ea2\" data-element_type=\"container\">\n\t\t\t\t\t<div class=\"e-con-inner\">\n\t\t\t\t<div class=\"elementor-element elementor-element-8bf62d6 elementor-widget elementor-widget-spacer\" data-id=\"8bf62d6\" data-element_type=\"widget\" data-widget_type=\"spacer.default\">\n\t\t\t\t<div class=\"elementor-widget-container\">\n\t\t\t\t\t<div class=\"elementor-spacer\">\n\t\t\t<div class=\"elementor-spacer-inner\"><\/div>\n\t\t<\/div>\n\t\t\t\t<\/div>\n\t\t\t\t<\/div>\n\t\t\t\t\t<\/div>\n\t\t\t\t<\/div>\n\t\t<div class=\"elementor-element elementor-element-3c03c1b e-flex e-con-boxed e-con e-parent\" data-id=\"3c03c1b\" data-element_type=\"container\">\n\t\t\t\t\t<div class=\"e-con-inner\">\n\t\t\t\t<div class=\"elementor-element elementor-element-f170667 elementor-view-default elementor-position-top elementor-mobile-position-top elementor-widget elementor-widget-icon-box\" data-id=\"f170667\" data-element_type=\"widget\" data-widget_type=\"icon-box.default\">\n\t\t\t\t<div class=\"elementor-widget-container\">\n\t\t\t\t\t<div class=\"elementor-icon-box-wrapper\">\n\n\t\t\t\t\t\t<div class=\"elementor-icon-box-icon\">\n\t\t\t\t<span  class=\"elementor-icon elementor-animation-\">\n\t\t\t\t<svg aria-hidden=\"true\" class=\"e-font-icon-svg e-fas-water\" viewBox=\"0 0 576 512\" xmlns=\"http:\/\/www.w3.org\/2000\/svg\"><path d=\"M562.1 383.9c-21.5-2.4-42.1-10.5-57.9-22.9-14.1-11.1-34.2-11.3-48.2 0-37.9 30.4-107.2 30.4-145.7-1.5-13.5-11.2-33-9.1-46.7 1.8-38 30.1-106.9 30-145.2-1.7-13.5-11.2-33.3-8.9-47.1 2-15.5 12.2-36 20.1-57.7 22.4-7.9.8-13.6 7.8-13.6 15.7v32.2c0 9.1 7.6 16.8 16.7 16 28.8-2.5 56.1-11.4 79.4-25.9 56.5 34.6 137 34.1 192 0 56.5 34.6 137 34.1 192 0 23.3 14.2 50.9 23.3 79.1 25.8 9.1.8 16.7-6.9 16.7-16v-31.6c.1-8-5.7-15.4-13.8-16.3zm0-144c-21.5-2.4-42.1-10.5-57.9-22.9-14.1-11.1-34.2-11.3-48.2 0-37.9 30.4-107.2 30.4-145.7-1.5-13.5-11.2-33-9.1-46.7 1.8-38 30.1-106.9 30-145.2-1.7-13.5-11.2-33.3-8.9-47.1 2-15.5 12.2-36 20.1-57.7 22.4-7.9.8-13.6 7.8-13.6 15.7v32.2c0 9.1 7.6 16.8 16.7 16 28.8-2.5 56.1-11.4 79.4-25.9 56.5 34.6 137 34.1 192 0 56.5 34.6 137 34.1 192 0 23.3 14.2 50.9 23.3 79.1 25.8 9.1.8 16.7-6.9 16.7-16v-31.6c.1-8-5.7-15.4-13.8-16.3zm0-144C540.6 93.4 520 85.4 504.2 73 490.1 61.9 470 61.7 456 73c-37.9 30.4-107.2 30.4-145.7-1.5-13.5-11.2-33-9.1-46.7 1.8-38 30.1-106.9 30-145.2-1.7-13.5-11.2-33.3-8.9-47.1 2-15.5 12.2-36 20.1-57.7 22.4-7.9.8-13.6 7.8-13.6 15.7v32.2c0 9.1 7.6 16.8 16.7 16 28.8-2.5 56.1-11.4 79.4-25.9 56.5 34.6 137 34.1 192 0 56.5 34.6 137 34.1 192 0 23.3 14.2 50.9 23.3 79.1 25.8 9.1.8 16.7-6.9 16.7-16v-31.6c.1-8-5.7-15.4-13.8-16.3z\"><\/path><\/svg>\t\t\t\t<\/span>\n\t\t\t<\/div>\n\t\t\t\n\t\t\t\t\t\t<div class=\"elementor-icon-box-content\">\n\n\t\t\t\t\t\t\t\t\t<h3 class=\"elementor-icon-box-title\">\n\t\t\t\t\t\t<span  >\n\t\t\t\t\t\t\tNat\u00fcrlich. Nachhaltig. Sch\u00f6n\t\t\t\t\t\t<\/span>\n\t\t\t\t\t<\/h3>\n\t\t\t\t\n\t\t\t\t\n\t\t\t<\/div>\n\t\t\t\n\t\t<\/div>\n\t\t\t\t<\/div>\n\t\t\t\t<\/div>\n\t\t\t\t\t<\/div>\n\t\t\t\t<\/div>\n\t\t<div class=\"elementor-element elementor-element-0fbe351 e-flex e-con-boxed e-con e-parent\" data-id=\"0fbe351\" data-element_type=\"container\">\n\t\t\t\t\t<div class=\"e-con-inner\">\n\t\t\t\t<div class=\"elementor-element elementor-element-0576bad elementor-widget elementor-widget-spacer\" data-id=\"0576bad\" data-element_type=\"widget\" data-widget_type=\"spacer.default\">\n\t\t\t\t<div class=\"elementor-widget-container\">\n\t\t\t\t\t<div class=\"elementor-spacer\">\n\t\t\t<div class=\"elementor-spacer-inner\"><\/div>\n\t\t<\/div>\n\t\t\t\t<\/div>\n\t\t\t\t<\/div>\n\t\t\t\t\t<\/div>\n\t\t\t\t<\/div>\n\t\t<div class=\"elementor-element elementor-element-e6e64c8 e-flex e-con-boxed e-con e-parent\" data-id=\"e6e64c8\" data-element_type=\"container\">\n\t\t\t\t\t<div class=\"e-con-inner\">\n\t\t\t\t<div class=\"elementor-element elementor-element-e4cc9dc elementor-widget elementor-widget-image\" data-id=\"e4cc9dc\" data-element_type=\"widget\" data-widget_type=\"image.default\">\n\t\t\t\t<div class=\"elementor-widget-container\">\n\t\t\t\t\t\t\t\t\t\t\t\t\t<img fetchpriority=\"high\" decoding=\"async\" width=\"800\" height=\"800\" src=\"https:\/\/purelife.hak-bregenz.at\/wp-content\/uploads\/2024\/11\/Firefly-skincare-oel-wird-unter-die-dusche-gehalten-aesthetic-wasser-prallt-ab-42368-1024x1024.jpg\" class=\"attachment-large size-large wp-image-244\" alt=\"\" srcset=\"https:\/\/purelife.hak-bregenz.at\/wp-content\/uploads\/2024\/11\/Firefly-skincare-oel-wird-unter-die-dusche-gehalten-aesthetic-wasser-prallt-ab-42368-1024x1024.jpg 1024w, https:\/\/purelife.hak-bregenz.at\/wp-content\/uploads\/2024\/11\/Firefly-skincare-oel-wird-unter-die-dusche-gehalten-aesthetic-wasser-prallt-ab-42368-300x300.jpg 300w, https:\/\/purelife.hak-bregenz.at\/wp-content\/uploads\/2024\/11\/Firefly-skincare-oel-wird-unter-die-dusche-gehalten-aesthetic-wasser-prallt-ab-42368-150x150.jpg 150w, https:\/\/purelife.hak-bregenz.at\/wp-content\/uploads\/2024\/11\/Firefly-skincare-oel-wird-unter-die-dusche-gehalten-aesthetic-wasser-prallt-ab-42368-768x768.jpg 768w, https:\/\/purelife.hak-bregenz.at\/wp-content\/uploads\/2024\/11\/Firefly-skincare-oel-wird-unter-die-dusche-gehalten-aesthetic-wasser-prallt-ab-42368-1536x1536.jpg 1536w, https:\/\/purelife.hak-bregenz.at\/wp-content\/uploads\/2024\/11\/Firefly-skincare-oel-wird-unter-die-dusche-gehalten-aesthetic-wasser-prallt-ab-42368.jpg 2048w\" sizes=\"(max-width: 800px) 100vw, 800px\" \/>\t\t\t\t\t\t\t\t\t\t\t\t\t<\/div>\n\t\t\t\t<\/div>\n\t\t\t\t\t<\/div>\n\t\t\t\t<\/div>\n\t\t<div class=\"elementor-element elementor-element-3acf57f7 e-flex e-con-boxed e-con e-parent\" data-id=\"3acf57f7\" data-element_type=\"container\">\n\t\t\t\t\t<div class=\"e-con-inner\">\n\t\t\t\t<div class=\"elementor-element elementor-element-b66c6f elementor-widget elementor-widget-heading\" data-id=\"b66c6f\" data-element_type=\"widget\" data-widget_type=\"heading.default\">\n\t\t\t\t<div class=\"elementor-widget-container\">\n\t\t\t<h2 class=\"elementor-heading-title elementor-size-default\">Neu bei uns<\/h2>\t\t<\/div>\n\t\t\t\t<\/div>\n\t\t\t\t<div class=\"elementor-element elementor-element-7c6a7a2 elementor-align-center elementor-widget elementor-widget-button\" data-id=\"7c6a7a2\" data-element_type=\"widget\" data-widget_type=\"button.default\">\n\t\t\t\t<div class=\"elementor-widget-container\">\n\t\t\t\t\t\t\t<div class=\"elementor-button-wrapper\">\n\t\t\t\t\t<a class=\"elementor-button elementor-button-link elementor-size-sm\" href=\"https:\/\/marketplace.penworldwide.org\/?enterprisePenCode=AT010002810\" target=\"_blank\">\n\t\t\t\t\t\t<span class=\"elementor-button-content-wrapper\">\n\t\t\t\t\t\t\t\t\t<span class=\"elementor-button-text\">Zum Shop<\/span>\n\t\t\t\t\t<\/span>\n\t\t\t\t\t<\/a>\n\t\t\t\t<\/div>\n\t\t\t\t\t\t<\/div>\n\t\t\t\t<\/div>\n\t\t\t\t\t<\/div>\n\t\t\t\t<\/div>\n\t\t<div class=\"elementor-element elementor-element-8c04cb0 e-flex e-con-boxed e-con e-parent\" data-id=\"8c04cb0\" data-element_type=\"container\">\n\t\t\t\t\t<div class=\"e-con-inner\">\n\t\t\t\t<div class=\"elementor-element elementor-element-dd49a8d elementor-widget elementor-widget-spacer\" data-id=\"dd49a8d\" data-element_type=\"widget\" data-widget_type=\"spacer.default\">\n\t\t\t\t<div class=\"elementor-widget-container\">\n\t\t\t\t\t<div class=\"elementor-spacer\">\n\t\t\t<div class=\"elementor-spacer-inner\"><\/div>\n\t\t<\/div>\n\t\t\t\t<\/div>\n\t\t\t\t<\/div>\n\t\t\t\t\t<\/div>\n\t\t\t\t<\/div>\n\t\t<div class=\"elementor-element elementor-element-84efb2d e-grid e-con-boxed e-con e-parent\" data-id=\"84efb2d\" data-element_type=\"container\" data-settings=\"{&quot;background_background&quot;:&quot;classic&quot;}\">\n\t\t\t\t\t<div class=\"e-con-inner\">\n\t\t\t\t<div class=\"elementor-element elementor-element-0f9dad7 elementor-widget elementor-widget-image\" data-id=\"0f9dad7\" data-element_type=\"widget\" data-widget_type=\"image.default\">\n\t\t\t\t<div class=\"elementor-widget-container\">\n\t\t\t\t\t\t\t\t\t\t\t\t\t<img decoding=\"async\" width=\"800\" height=\"582\" src=\"https:\/\/purelife.hak-bregenz.at\/wp-content\/uploads\/2024\/11\/Bild-e1732542971225-1024x745.png\" class=\"attachment-large size-large wp-image-227\" alt=\"\" srcset=\"https:\/\/purelife.hak-bregenz.at\/wp-content\/uploads\/2024\/11\/Bild-e1732542971225-1024x745.png 1024w, https:\/\/purelife.hak-bregenz.at\/wp-content\/uploads\/2024\/11\/Bild-e1732542971225-300x218.png 300w, https:\/\/purelife.hak-bregenz.at\/wp-content\/uploads\/2024\/11\/Bild-e1732542971225-768x558.png 768w, https:\/\/purelife.hak-bregenz.at\/wp-content\/uploads\/2024\/11\/Bild-e1732542971225.png 1092w\" sizes=\"(max-width: 800px) 100vw, 800px\" \/>\t\t\t\t\t\t\t\t\t\t\t\t\t<\/div>\n\t\t\t\t<\/div>\n\t\t\t\t<div class=\"elementor-element elementor-element-5b60da5 elementor-widget elementor-widget-text-editor\" data-id=\"5b60da5\" data-element_type=\"widget\" data-widget_type=\"text-editor.default\">\n\t\t\t\t<div class=\"elementor-widget-container\">\n\t\t\t\t\t\t\t<h5><span data-teams=\"true\">Willkommen bei Pure Life &amp; communications \u2013 Ihrer Anlaufstelle f\u00fcr luxuri\u00f6se, naturbasierte Gesichtspflege, die Sch\u00f6nheit und Nachhaltigkeit vereint. Unsere hochwertigen Pflegeprodukte bestehen ausschlie\u00dflich aus sorgf\u00e4ltig ausgew\u00e4hlten, nat\u00fcrlichen Inhaltsstoffen, die Ihre Haut auf sanfte Weise verw\u00f6hnen und gleichzeitig die Umwelt schonen.<\/span><\/h5>\t\t\t\t\t\t<\/div>\n\t\t\t\t<\/div>\n\t\t\t\t\t<\/div>\n\t\t\t\t<\/div>\n\t\t<div class=\"elementor-element elementor-element-5c6e599 e-flex e-con-boxed e-con e-parent\" data-id=\"5c6e599\" data-element_type=\"container\">\n\t\t\t\t\t<div class=\"e-con-inner\">\n\t\t\t\t<div class=\"elementor-element elementor-element-acce0f2 elementor-widget elementor-widget-spacer\" data-id=\"acce0f2\" data-element_type=\"widget\" data-widget_type=\"spacer.default\">\n\t\t\t\t<div class=\"elementor-widget-container\">\n\t\t\t\t\t<div class=\"elementor-spacer\">\n\t\t\t<div class=\"elementor-spacer-inner\"><\/div>\n\t\t<\/div>\n\t\t\t\t<\/div>\n\t\t\t\t<\/div>\n\t\t\t\t\t<\/div>\n\t\t\t\t<\/div>\n\t\t\t\t<\/div>\n\t\t","protected":false},"excerpt":{"rendered":"<p>Zum Shop \u27f6 Nat\u00fcrlich. Nachhaltig. Sch\u00f6n Neu bei uns Zum Shop Willkommen bei Pure Life &amp; communications \u2013 Ihrer Anlaufstelle f\u00fcr luxuri\u00f6se, naturbasierte Gesichtspflege, die Sch\u00f6nheit und Nachhaltigkeit vereint. Unsere hochwertigen Pflegeprodukte bestehen ausschlie\u00dflich aus sorgf\u00e4ltig ausgew\u00e4hlten, nat\u00fcrlichen Inhaltsstoffen, die Ihre Haut auf sanfte Weise verw\u00f6hnen und gleichzeitig die Umwelt schonen.<\/p>\n","protected":false},"author":1,"featured_media":96,"parent":0,"menu_order":0,"comment_status":"closed","ping_status":"closed","template":"elementor_header_footer","meta":{"footnotes":""},"class_list":["post-88","page","type-page","status-publish","has-post-thumbnail","hentry"],"_links":{"self":[{"href":"https:\/\/purelife.hak-bregenz.at\/index.php\/wp-json\/wp\/v2\/pages\/88","targetHints":{"allow":["GET"]}}],"collection":[{"href":"https:\/\/purelife.hak-bregenz.at\/index.php\/wp-json\/wp\/v2\/pages"}],"about":[{"href":"https:\/\/purelife.hak-bregenz.at\/index.php\/wp-json\/wp\/v2\/types\/page"}],"author":[{"embeddable":true,"href":"https:\/\/purelife.hak-bregenz.at\/index.php\/wp-json\/wp\/v2\/users\/1"}],"replies":[{"embeddable":true,"href":"https:\/\/purelife.hak-bregenz.at\/index.php\/wp-json\/wp\/v2\/comments?post=88"}],"version-history":[{"count":121,"href":"https:\/\/purelife.hak-bregenz.at\/index.php\/wp-json\/wp\/v2\/pages\/88\/revisions"}],"predecessor-version":[{"id":502,"href":"https:\/\/purelife.hak-bregenz.at\/index.php\/wp-json\/wp\/v2\/pages\/88\/revisions\/502"}],"wp:featuredmedia":[{"embeddable":true,"href":"https:\/\/purelife.hak-bregenz.at\/index.php\/wp-json\/wp\/v2\/media\/96"}],"wp:attachment":[{"href":"https:\/\/purelife.hak-bregenz.at\/index.php\/wp-json\/wp\/v2\/media?parent=88"}],"curies":[{"name":"wp","href":"https:\/\/api.w.org\/{rel}","templated":true}]}}